{"id":10732,"date":"2024-03-06T22:11:34","date_gmt":"2024-03-06T21:11:34","guid":{"rendered":"https:\/\/atelier-m73.de\/?page_id=10732"},"modified":"2024-04-10T19:21:29","modified_gmt":"2024-04-10T17:21:29","slug":"cancellation-policy","status":"publish","type":"page","link":"https:\/\/atelier-m73.de\/en\/cancellation-policy\/","title":{"rendered":"Cancellation Policy"},"content":{"rendered":"<style>.kb-row-layout-id10732_5277c2-08 > .kt-row-column-wrap{align-content:start;}:where(.kb-row-layout-id10732_5277c2-08 > .kt-row-column-wrap) > .wp-block-kadence-column{justify-content:start;}.kb-row-layout-id10732_5277c2-08 > .kt-row-column-wrap{column-gap:var(--global-kb-gap-md, 2rem);row-gap:var(--global-kb-gap-md, 2rem);max-width:var( --global-content-width, 1290px );padding-left:var(--global-content-edge-padding);padding-right:var(--global-content-edge-padding);padding-top:2rem;padding-bottom:5rem;grid-template-columns:minmax(0, 1fr);}.kb-row-layout-id10732_5277c2-08 > .kt-row-layout-overlay{opacity:0.30;}@media all and (max-width: 1024px){.kb-row-layout-id10732_5277c2-08 > .kt-row-column-wrap{padding-bottom:4rem;grid-template-columns:minmax(0, 1fr);}}@media all and (max-width: 767px){.kb-row-layout-id10732_5277c2-08 > .kt-row-column-wrap{padding-bottom:3rem;grid-template-columns:minmax(0, 1fr);}}<\/style><div class=\"kb-row-layout-wrap kb-row-layout-id10732_5277c2-08 alignfull wp-block-kadence-rowlayout\"><div class=\"kt-row-column-wrap kt-has-1-columns kt-row-layout-equal kt-tab-layout-inherit kt-mobile-layout-row kt-row-valign-top kb-theme-content-width\">\n<style>.kadence-column10732_03d1ce-36 > .kt-inside-inner-col,.kadence-column10732_03d1ce-36 > .kt-inside-inner-col:before{border-top-left-radius:0px;border-top-right-radius:0px;border-bottom-right-radius:0px;border-bottom-left-radius:0px;}.kadence-column10732_03d1ce-36 > .kt-inside-inner-col{column-gap:var(--global-kb-gap-sm, 1rem);}.kadence-column10732_03d1ce-36 > .kt-inside-inner-col{flex-direction:column;}.kadence-column10732_03d1ce-36 > .kt-inside-inner-col > .aligncenter{width:100%;}.kadence-column10732_03d1ce-36 > .kt-inside-inner-col:before{opacity:0.3;}.kadence-column10732_03d1ce-36{position:relative;}@media all and (max-width: 1024px){.kadence-column10732_03d1ce-36 > .kt-inside-inner-col{flex-direction:column;justify-content:center;}}@media all and (max-width: 767px){.kadence-column10732_03d1ce-36 > .kt-inside-inner-col{flex-direction:column;justify-content:center;}}<\/style>\n<div class=\"wp-block-kadence-column kadence-column10732_03d1ce-36\"><div class=\"kt-inside-inner-col\"><style>.wp-block-kadence-advancedheading.kt-adv-heading10732_53d21b-89, .wp-block-kadence-advancedheading.kt-adv-heading10732_53d21b-89[data-kb-block=\"kb-adv-heading10732_53d21b-89\"]{margin-top:0rem;margin-bottom:0rem;font-style:normal;}.wp-block-kadence-advancedheading.kt-adv-heading10732_53d21b-89 mark.kt-highlight, .wp-block-kadence-advancedheading.kt-adv-heading10732_53d21b-89[data-kb-block=\"kb-adv-heading10732_53d21b-89\"] mark.kt-highlight{font-style:normal;color:#f76a0c;-webkit-box-decoration-break:clone;box-decoration-break:clone;padding-top:0px;padding-right:0px;padding-bottom:0px;padding-left:0px;}<\/style>\n<h2 class=\"kt-adv-heading10732_53d21b-89 wp-block-kadence-advancedheading\" data-kb-block=\"kb-adv-heading10732_53d21b-89\">Right of Withdrawal for Consumers<\/h2>\n\n\n\n<p>(A consumer is any natural person who enters into a legal transaction for purposes that are predominantly outside their trade, business or profession).<\/p>\n\n\n<style>.wp-block-kadence-advancedheading.kt-adv-heading10732_30129a-13, .wp-block-kadence-advancedheading.kt-adv-heading10732_30129a-13[data-kb-block=\"kb-adv-heading10732_30129a-13\"]{margin-top:0rem;margin-bottom:0rem;font-style:normal;}.wp-block-kadence-advancedheading.kt-adv-heading10732_30129a-13 mark.kt-highlight, .wp-block-kadence-advancedheading.kt-adv-heading10732_30129a-13[data-kb-block=\"kb-adv-heading10732_30129a-13\"] mark.kt-highlight{font-style:normal;color:#f76a0c;-webkit-box-decoration-break:clone;box-decoration-break:clone;padding-top:0px;padding-right:0px;padding-bottom:0px;padding-left:0px;}<\/style>\n<h2 class=\"kt-adv-heading10732_30129a-13 wp-block-kadence-advancedheading\" data-kb-block=\"kb-adv-heading10732_30129a-13\">Cancellation Policy<\/h2>\n\n\n<style>.wp-block-kadence-advancedheading.kt-adv-heading10732_4112f7-09, .wp-block-kadence-advancedheading.kt-adv-heading10732_4112f7-09[data-kb-block=\"kb-adv-heading10732_4112f7-09\"]{font-style:normal;}.wp-block-kadence-advancedheading.kt-adv-heading10732_4112f7-09 mark.kt-highlight, .wp-block-kadence-advancedheading.kt-adv-heading10732_4112f7-09[data-kb-block=\"kb-adv-heading10732_4112f7-09\"] mark.kt-highlight{font-style:normal;color:#f76a0c;-webkit-box-decoration-break:clone;box-decoration-break:clone;padding-top:0px;padding-right:0px;padding-bottom:0px;padding-left:0px;}<\/style>\n<h3 class=\"kt-adv-heading10732_4112f7-09 wp-block-kadence-advancedheading\" data-kb-block=\"kb-adv-heading10732_4112f7-09\">Right of Withdrawal<\/h3>\n\n\n\n<p>You have the right to withdraw from this contract within 14 days without giving any reason. The withdrawal period is 14 days from the date on which you or a third party named by you, who is not the carrier, has or has taken possession of the goods, provided that you have ordered one or more goods as part of a single order and these are or will be delivered uniformly.<\/p>\n\n\n\n<p>To exercise the right to cancel, you must inform me <strong>(Melanie Schwarzer, Geschwister-Gerrits-Str. 8, 47626 Kevelaer, telephone no.: 0 28 32\/97 24 161, e-mail address: service@atelier-m73.de) <\/strong>of your decision to cancel this contract by a clear statement (e.g. a letter sent by post or e-mail). You can use the sample revocation text below, but this is not mandatory.<\/p>\n\n\n\n<p>To meet the withdrawal deadline, it is sufficient for you to send your notification of exercising your right of withdrawal before the withdrawal period has expired.<\/p>\n\n\n<style>.wp-block-kadence-advancedheading.kt-adv-heading10732_cad76e-76, .wp-block-kadence-advancedheading.kt-adv-heading10732_cad76e-76[data-kb-block=\"kb-adv-heading10732_cad76e-76\"]{font-style:normal;}.wp-block-kadence-advancedheading.kt-adv-heading10732_cad76e-76 mark.kt-highlight, .wp-block-kadence-advancedheading.kt-adv-heading10732_cad76e-76[data-kb-block=\"kb-adv-heading10732_cad76e-76\"] mark.kt-highlight{font-style:normal;color:#f76a0c;-webkit-box-decoration-break:clone;box-decoration-break:clone;padding-top:0px;padding-right:0px;padding-bottom:0px;padding-left:0px;}<\/style>\n<h3 class=\"kt-adv-heading10732_cad76e-76 wp-block-kadence-advancedheading\" data-kb-block=\"kb-adv-heading10732_cad76e-76\">Consequences of Revocation<\/h3>\n\n\n\n<p>If you withdraw from this contract, I shall reimburse to you all payments received from you, including the costs of delivery (with the exception of the supplementary costs resulting from your choice of a type of delivery other than the least expensive type of standard delivery offered by me), without undue delay and in any event not later than 14 days from the day on which I am informed about your decision to withdraw from this contract. For this repayment, I will use the same means of payment that you used for the original transaction, unless expressly agreed otherwise with you.<\/p>\n\n\n\n<p>I can refuse repayment until I have received the goods back.<\/p>\n\n\n\n<p>You must return or hand over the goods to me immediately and in any case within 7 calendar days at the latest from the day on which you inform me of the revocation of this contract. The deadline is met if you send the goods before the period of 7 calendar days has expired.<\/p>\n\n\n\n<p>You bear the direct costs for the return shipment of the goods.<\/p>\n\n\n<style>.wp-block-kadence-advancedheading.kt-adv-heading10732_e012c5-c1, .wp-block-kadence-advancedheading.kt-adv-heading10732_e012c5-c1[data-kb-block=\"kb-adv-heading10732_e012c5-c1\"]{font-style:normal;}.wp-block-kadence-advancedheading.kt-adv-heading10732_e012c5-c1 mark.kt-highlight, .wp-block-kadence-advancedheading.kt-adv-heading10732_e012c5-c1[data-kb-block=\"kb-adv-heading10732_e012c5-c1\"] mark.kt-highlight{font-style:normal;color:#f76a0c;-webkit-box-decoration-break:clone;box-decoration-break:clone;padding-top:0px;padding-right:0px;padding-bottom:0px;padding-left:0px;}<\/style>\n<h3 class=\"kt-adv-heading10732_e012c5-c1 wp-block-kadence-advancedheading\" data-kb-block=\"kb-adv-heading10732_e012c5-c1\">Reasons for Exclusion or Expiry<\/h3>\n\n\n\n<p>The right of withdrawal does not apply to contracts<\/p>\n\n\n\n<ul class=\"wp-block-list\">\n<li>for the delivery of goods which are not prefabricated and for the manufacture of which an individual selection or determination by the consumer is decisive or which are clearly tailored to the personal needs of the consumer;- zur Lieferung von Waren, die schnell verderben k\u00f6nnen oder deren Verfallsdatum schnell \u00fcberschritten w\u00fcrde<\/li>\n\n\n\n<li>for the delivery of newspapers, magazines or periodicals with the exception of subscription contracts. The right of withdrawal expires prematurely for contracts &#8211; for the delivery of sealed goods that are not suitable for return for reasons of health protection or hygiene if their seal has been removed after delivery<\/li>\n\n\n\n<li>for the delivery of goods if they have been inseparably mixed with other goods after delivery due to their nature; &#8211; for the delivery of sound or video recordings or computer software in a sealed package if the seal has been removed after delivery<\/li>\n<\/ul>\n\n\n<style>.wp-block-kadence-advancedheading.kt-adv-heading10732_c89839-2c, .wp-block-kadence-advancedheading.kt-adv-heading10732_c89839-2c[data-kb-block=\"kb-adv-heading10732_c89839-2c\"]{font-style:normal;}.wp-block-kadence-advancedheading.kt-adv-heading10732_c89839-2c mark.kt-highlight, .wp-block-kadence-advancedheading.kt-adv-heading10732_c89839-2c[data-kb-block=\"kb-adv-heading10732_c89839-2c\"] mark.kt-highlight{font-style:normal;color:#f76a0c;-webkit-box-decoration-break:clone;box-decoration-break:clone;padding-top:0px;padding-right:0px;padding-bottom:0px;padding-left:0px;}<\/style>\n<h3 class=\"kt-adv-heading10732_c89839-2c wp-block-kadence-advancedheading\" data-kb-block=\"kb-adv-heading10732_c89839-2c\">Sample Revocation Text<\/h3>\n\n\n\n<p>(If you wish to withdraw from the contract, please complete this form and return it to us).<\/p>\n\n\n\n<p>&#8211; To Melanie Schwarzer, Geschwister-Gerrits-Str. 8, 47626 Kevelaer, e-mail address: service@atelier-m73.de<\/p>\n\n\n\n<p>&#8211; I\/we (<em>) hereby revoke the contract concluded by me\/us (<\/em>) for the purchase of the following goods (<em>)\/the provision of the following service (<\/em>)<\/p>\n\n\n\n<p>&#8211; Ordered on (<em>)\/ received on (<\/em>)<\/p>\n\n\n\n<p>&#8211; Name of the consumer(s)- Anschrift des\/ der Verbraucher(s)<br>&#8211; Signature of the consumer(s) (only for notification on paper) &#8211; Date<\/p>\n\n\n\n<p>(*) Delete as appropriate.<\/p>\n<\/div><\/div>\n\n<\/div><\/div>","protected":false},"excerpt":{"rendered":"<p>Right of Withdrawal for Consumers (A consumer is any natural person who enters into a legal transaction for purposes that are predominantly outside their trade, business or profession). Cancellation Policy Right of Withdrawal You have the right to withdraw from this contract within 14 days without giving any reason. The withdrawal period is 14 days&#8230;<\/p>\n","protected":false},"author":1,"featured_media":0,"parent":0,"menu_order":0,"comment_status":"closed","ping_status":"closed","template":"","meta":{"_acf_changed":false,"inline_featured_image":false,"_kad_blocks_custom_css":"","_kad_blocks_head_custom_js":"","_kad_blocks_body_custom_js":"","_kad_blocks_footer_custom_js":"","_kad_post_transparent":"","_kad_post_title":"","_kad_post_layout":"","_kad_post_sidebar_id":"","_kad_post_content_style":"","_kad_post_vertical_padding":"","_kad_post_feature":"","_kad_post_feature_position":"","_kad_post_header":false,"_kad_post_footer":false,"footnotes":""},"class_list":["post-10732","page","type-page","status-publish","hentry"],"acf":[],"yoast_head":"<!-- This site is optimized with the Yoast SEO plugin v26.4 - https:\/\/yoast.com\/wordpress\/plugins\/seo\/ -->\n<title>Cancellation Policy | Atelier M73<\/title>\n<meta name=\"robots\" content=\"index, follow, max-snippet:-1, max-image-preview:large, max-video-preview:-1\" \/>\n<link rel=\"canonical\" href=\"https:\/\/atelier-m73.de\/en\/cancellation-policy\/\" \/>\n<meta property=\"og:locale\" content=\"en_US\" \/>\n<meta property=\"og:type\" content=\"article\" \/>\n<meta property=\"og:title\" content=\"Cancellation Policy | Atelier M73\" \/>\n<meta property=\"og:description\" content=\"Right of Withdrawal for Consumers (A consumer is any natural person who enters into a legal transaction for purposes that are predominantly outside their trade, business or profession). Cancellation Policy Right of Withdrawal You have the right to withdraw from this contract within 14 days without giving any reason. The withdrawal period is 14 days...\" \/>\n<meta property=\"og:url\" content=\"https:\/\/atelier-m73.de\/en\/cancellation-policy\/\" \/>\n<meta property=\"og:site_name\" content=\"Atelier M73\" \/>\n<meta property=\"article:modified_time\" content=\"2024-04-10T17:21:29+00:00\" \/>\n<meta name=\"twitter:card\" content=\"summary_large_image\" \/>\n<meta name=\"twitter:label1\" content=\"Est. reading time\" \/>\n\t<meta name=\"twitter:data1\" content=\"3 minutes\" \/>\n<script type=\"application\/ld+json\" class=\"yoast-schema-graph\">{\"@context\":\"https:\/\/schema.org\",\"@graph\":[{\"@type\":\"WebPage\",\"@id\":\"https:\/\/atelier-m73.de\/en\/cancellation-policy\/\",\"url\":\"https:\/\/atelier-m73.de\/en\/cancellation-policy\/\",\"name\":\"Cancellation Policy | Atelier M73\",\"isPartOf\":{\"@id\":\"https:\/\/atelier-m73.de\/#website\"},\"datePublished\":\"2024-03-06T21:11:34+00:00\",\"dateModified\":\"2024-04-10T17:21:29+00:00\",\"breadcrumb\":{\"@id\":\"https:\/\/atelier-m73.de\/en\/cancellation-policy\/#breadcrumb\"},\"inLanguage\":\"en-US\",\"potentialAction\":[{\"@type\":\"ReadAction\",\"target\":[\"https:\/\/atelier-m73.de\/en\/cancellation-policy\/\"]}]},{\"@type\":\"BreadcrumbList\",\"@id\":\"https:\/\/atelier-m73.de\/en\/cancellation-policy\/#breadcrumb\",\"itemListElement\":[{\"@type\":\"ListItem\",\"position\":1,\"name\":\"Startseite\",\"item\":\"https:\/\/atelier-m73.de\/en\/\"},{\"@type\":\"ListItem\",\"position\":2,\"name\":\"Cancellation Policy\"}]},{\"@type\":\"WebSite\",\"@id\":\"https:\/\/atelier-m73.de\/#website\",\"url\":\"https:\/\/atelier-m73.de\/\",\"name\":\"Atelier M73\",\"description\":\"Fahrzeugveredelung mit individuellem Charakter in Kevelaer\",\"publisher\":{\"@id\":\"https:\/\/atelier-m73.de\/#organization\"},\"potentialAction\":[{\"@type\":\"SearchAction\",\"target\":{\"@type\":\"EntryPoint\",\"urlTemplate\":\"https:\/\/atelier-m73.de\/?s={search_term_string}\"},\"query-input\":{\"@type\":\"PropertyValueSpecification\",\"valueRequired\":true,\"valueName\":\"search_term_string\"}}],\"inLanguage\":\"en-US\"},{\"@type\":\"Organization\",\"@id\":\"https:\/\/atelier-m73.de\/#organization\",\"name\":\"Atelier M73 \u2013 Fahrzeugveredelung mit individuellem Charakter\",\"url\":\"https:\/\/atelier-m73.de\/\",\"logo\":{\"@type\":\"ImageObject\",\"inLanguage\":\"en-US\",\"@id\":\"https:\/\/atelier-m73.de\/#\/schema\/logo\/image\/\",\"url\":\"https:\/\/atelier-m73.de\/wp-content\/uploads\/2021\/05\/atelier-m73-autoveredelung-und-autoaufbereitung-kevelaer-favicon.png\",\"contentUrl\":\"https:\/\/atelier-m73.de\/wp-content\/uploads\/2021\/05\/atelier-m73-autoveredelung-und-autoaufbereitung-kevelaer-favicon.png\",\"width\":511,\"height\":512,\"caption\":\"Atelier M73 \u2013 Fahrzeugveredelung mit individuellem Charakter\"},\"image\":{\"@id\":\"https:\/\/atelier-m73.de\/#\/schema\/logo\/image\/\"}}]}<\/script>\n<!-- \/ Yoast SEO plugin. -->","yoast_head_json":{"title":"Cancellation Policy | Atelier M73","robots":{"index":"index","follow":"follow","max-snippet":"max-snippet:-1","max-image-preview":"max-image-preview:large","max-video-preview":"max-video-preview:-1"},"canonical":"https:\/\/atelier-m73.de\/en\/cancellation-policy\/","og_locale":"en_US","og_type":"article","og_title":"Cancellation Policy | Atelier M73","og_description":"Right of Withdrawal for Consumers (A consumer is any natural person who enters into a legal transaction for purposes that are predominantly outside their trade, business or profession). Cancellation Policy Right of Withdrawal You have the right to withdraw from this contract within 14 days without giving any reason. The withdrawal period is 14 days...","og_url":"https:\/\/atelier-m73.de\/en\/cancellation-policy\/","og_site_name":"Atelier M73","article_modified_time":"2024-04-10T17:21:29+00:00","twitter_card":"summary_large_image","twitter_misc":{"Est. reading time":"3 minutes"},"schema":{"@context":"https:\/\/schema.org","@graph":[{"@type":"WebPage","@id":"https:\/\/atelier-m73.de\/en\/cancellation-policy\/","url":"https:\/\/atelier-m73.de\/en\/cancellation-policy\/","name":"Cancellation Policy | Atelier M73","isPartOf":{"@id":"https:\/\/atelier-m73.de\/#website"},"datePublished":"2024-03-06T21:11:34+00:00","dateModified":"2024-04-10T17:21:29+00:00","breadcrumb":{"@id":"https:\/\/atelier-m73.de\/en\/cancellation-policy\/#breadcrumb"},"inLanguage":"en-US","potentialAction":[{"@type":"ReadAction","target":["https:\/\/atelier-m73.de\/en\/cancellation-policy\/"]}]},{"@type":"BreadcrumbList","@id":"https:\/\/atelier-m73.de\/en\/cancellation-policy\/#breadcrumb","itemListElement":[{"@type":"ListItem","position":1,"name":"Startseite","item":"https:\/\/atelier-m73.de\/en\/"},{"@type":"ListItem","position":2,"name":"Cancellation Policy"}]},{"@type":"WebSite","@id":"https:\/\/atelier-m73.de\/#website","url":"https:\/\/atelier-m73.de\/","name":"Atelier M73","description":"Fahrzeugveredelung mit individuellem Charakter in Kevelaer","publisher":{"@id":"https:\/\/atelier-m73.de\/#organization"},"potentialAction":[{"@type":"SearchAction","target":{"@type":"EntryPoint","urlTemplate":"https:\/\/atelier-m73.de\/?s={search_term_string}"},"query-input":{"@type":"PropertyValueSpecification","valueRequired":true,"valueName":"search_term_string"}}],"inLanguage":"en-US"},{"@type":"Organization","@id":"https:\/\/atelier-m73.de\/#organization","name":"Atelier M73 \u2013 Fahrzeugveredelung mit individuellem Charakter","url":"https:\/\/atelier-m73.de\/","logo":{"@type":"ImageObject","inLanguage":"en-US","@id":"https:\/\/atelier-m73.de\/#\/schema\/logo\/image\/","url":"https:\/\/atelier-m73.de\/wp-content\/uploads\/2021\/05\/atelier-m73-autoveredelung-und-autoaufbereitung-kevelaer-favicon.png","contentUrl":"https:\/\/atelier-m73.de\/wp-content\/uploads\/2021\/05\/atelier-m73-autoveredelung-und-autoaufbereitung-kevelaer-favicon.png","width":511,"height":512,"caption":"Atelier M73 \u2013 Fahrzeugveredelung mit individuellem Charakter"},"image":{"@id":"https:\/\/atelier-m73.de\/#\/schema\/logo\/image\/"}}]}},"taxonomy_info":[],"featured_image_src_large":false,"author_info":{"display_name":"MSchwarzer1973","author_link":"https:\/\/atelier-m73.de\/en\/author\/mschwarzer1973\/"},"comment_info":0,"_links":{"self":[{"href":"https:\/\/atelier-m73.de\/en\/wp-json\/wp\/v2\/pages\/10732","targetHints":{"allow":["GET"]}}],"collection":[{"href":"https:\/\/atelier-m73.de\/en\/wp-json\/wp\/v2\/pages"}],"about":[{"href":"https:\/\/atelier-m73.de\/en\/wp-json\/wp\/v2\/types\/page"}],"author":[{"embeddable":true,"href":"https:\/\/atelier-m73.de\/en\/wp-json\/wp\/v2\/users\/1"}],"replies":[{"embeddable":true,"href":"https:\/\/atelier-m73.de\/en\/wp-json\/wp\/v2\/comments?post=10732"}],"version-history":[{"count":1,"href":"https:\/\/atelier-m73.de\/en\/wp-json\/wp\/v2\/pages\/10732\/revisions"}],"predecessor-version":[{"id":10733,"href":"https:\/\/atelier-m73.de\/en\/wp-json\/wp\/v2\/pages\/10732\/revisions\/10733"}],"wp:attachment":[{"href":"https:\/\/atelier-m73.de\/en\/wp-json\/wp\/v2\/media?parent=10732"}],"curies":[{"name":"wp","href":"https:\/\/api.w.org\/{rel}","templated":true}]}}